{"id":1242,"date":"2022-01-09T12:50:43","date_gmt":"2022-01-09T11:50:43","guid":{"rendered":"https:\/\/elfakijoe.com\/?page_id=1242"},"modified":"2022-06-02T01:23:01","modified_gmt":"2022-06-01T23:23:01","slug":"all-articles","status":"publish","type":"page","link":"https:\/\/elfakijoe.com\/fr\/articles","title":{"rendered":"Tous les articles"},"content":{"rendered":"<p>Trouver tout sur le fixie : <strong>bike checks<\/strong>, <strong>tutoriels tricks<\/strong> et pour le <strong>collaborations<\/strong>. Le pignon fixe est une passion sans fin, tout comme cette liste d'articles !<\/p>\n\n\n<ul class=\"wp-block-latest-posts__list is-grid columns-3 aligncenter wp-block-latest-posts\"><li><div class=\"wp-block-latest-posts__featured-image aligncenter\"><a href=\"https:\/\/elfakijoe.com\/fr\/fixed-gear-tutorials\/how-to-keo-spin-on-a-fixed-gear-bike\" aria-label=\"How to keo spin on a fixed gear bike\"><img loading=\"lazy\" decoding=\"async\" width=\"580\" height=\"326\" src=\"https:\/\/elfakijoe.com\/wp-content\/uploads\/2022\/08\/keospin-elfakijoe-mrwong-1024x576.jpg\" class=\"attachment-large size-large wp-post-image\" alt=\"\" style=\"\" srcset=\"https:\/\/elfakijoe.com\/wp-content\/uploads\/2022\/08\/keospin-elfakijoe-mrwong-1024x576.jpg 1024w, https:\/\/elfakijoe.com\/wp-content\/uploads\/2022\/08\/keospin-elfakijoe-mrwong-300x169.jpg 300w, https:\/\/elfakijoe.com\/wp-content\/uploads\/2022\/08\/keospin-elfakijoe-mrwong-768x432.jpg 768w, https:\/\/elfakijoe.com\/wp-content\/uploads\/2022\/08\/keospin-elfakijoe-mrwong-18x10.jpg 18w, https:\/\/elfakijoe.com\/wp-content\/uploads\/2022\/08\/keospin-elfakijoe-mrwong.jpg 1080w\" sizes=\"auto, (max-width: 580px) 100vw, 580px\" \/><\/a><\/div><a class=\"wp-block-latest-posts__post-title\" href=\"https:\/\/elfakijoe.com\/fr\/fixed-gear-tutorials\/how-to-keo-spin-on-a-fixed-gear-bike\">How to keo spin on a fixed gear bike<\/a><\/li>\n<li><div class=\"wp-block-latest-posts__featured-image aligncenter\"><a href=\"https:\/\/elfakijoe.com\/fr\/bike-checks\/jackson-radshaws-mash-reyes-bike-check\" aria-label=\"Jackson Radshaw&#8217;s Mash Reyes Bike Check\"><img loading=\"lazy\" decoding=\"async\" width=\"580\" height=\"387\" src=\"https:\/\/elfakijoe.com\/wp-content\/uploads\/2022\/07\/DSC06274-22-1-1024x683.jpg\" class=\"attachment-large size-large wp-post-image\" alt=\"\" style=\"\" srcset=\"https:\/\/elfakijoe.com\/wp-content\/uploads\/2022\/07\/DSC06274-22-1-1024x683.jpg 1024w, https:\/\/elfakijoe.com\/wp-content\/uploads\/2022\/07\/DSC06274-22-1-300x200.jpg 300w, https:\/\/elfakijoe.com\/wp-content\/uploads\/2022\/07\/DSC06274-22-1-768x512.jpg 768w, https:\/\/elfakijoe.com\/wp-content\/uploads\/2022\/07\/DSC06274-22-1-1536x1024.jpg 1536w, https:\/\/elfakijoe.com\/wp-content\/uploads\/2022\/07\/DSC06274-22-1-18x12.jpg 18w, https:\/\/elfakijoe.com\/wp-content\/uploads\/2022\/07\/DSC06274-22-1-1200x800.jpg 1200w, https:\/\/elfakijoe.com\/wp-content\/uploads\/2022\/07\/DSC06274-22-1-1980x1320.jpg 1980w, https:\/\/elfakijoe.com\/wp-content\/uploads\/2022\/07\/DSC06274-22-1.jpg 2048w\" sizes=\"auto, (max-width: 580px) 100vw, 580px\" \/><\/a><\/div><a class=\"wp-block-latest-posts__post-title\" href=\"https:\/\/elfakijoe.com\/fr\/bike-checks\/jackson-radshaws-mash-reyes-bike-check\">Jackson Radshaw&#8217;s Mash Reyes Bike Check<\/a><\/li>\n<li><div class=\"wp-block-latest-posts__featured-image aligncenter\"><a href=\"https:\/\/elfakijoe.com\/fr\/collabs\/beastybike-ultimate-fixie-wheelset\" aria-label=\"Beastybike&#8217;s ultimate fixie wheelset\"><img loading=\"lazy\" decoding=\"async\" width=\"580\" height=\"326\" src=\"https:\/\/elfakijoe.com\/wp-content\/uploads\/2022\/04\/DSCF6235-scaled-e1653834433656-1024x576.jpg\" class=\"attachment-large size-large wp-post-image\" alt=\"\" style=\"\" srcset=\"https:\/\/elfakijoe.com\/wp-content\/uploads\/2022\/04\/DSCF6235-scaled-e1653834433656-1024x576.jpg 1024w, https:\/\/elfakijoe.com\/wp-content\/uploads\/2022\/04\/DSCF6235-scaled-e1653834433656-300x169.jpg 300w, https:\/\/elfakijoe.com\/wp-content\/uploads\/2022\/04\/DSCF6235-scaled-e1653834433656-768x432.jpg 768w, https:\/\/elfakijoe.com\/wp-content\/uploads\/2022\/04\/DSCF6235-scaled-e1653834433656-1536x864.jpg 1536w, https:\/\/elfakijoe.com\/wp-content\/uploads\/2022\/04\/DSCF6235-scaled-e1653834433656-2048x1152.jpg 2048w, https:\/\/elfakijoe.com\/wp-content\/uploads\/2022\/04\/DSCF6235-scaled-e1653834433656-18x10.jpg 18w, https:\/\/elfakijoe.com\/wp-content\/uploads\/2022\/04\/DSCF6235-scaled-e1653834433656-1200x675.jpg 1200w, https:\/\/elfakijoe.com\/wp-content\/uploads\/2022\/04\/DSCF6235-scaled-e1653834433656-1980x1114.jpg 1980w\" sizes=\"auto, (max-width: 580px) 100vw, 580px\" \/><\/a><\/div><a class=\"wp-block-latest-posts__post-title\" href=\"https:\/\/elfakijoe.com\/fr\/collabs\/beastybike-ultimate-fixie-wheelset\">La paire de roues fixie ultime, sign\u00e9e Beastybike<\/a><\/li>\n<li><div class=\"wp-block-latest-posts__featured-image aligncenter\"><a href=\"https:\/\/elfakijoe.com\/fr\/fixed-gear-tutorials\/how-to-super-slider-on-a-fixed-gear-bike\" aria-label=\"Comment faire un super slider en fixie\"><img loading=\"lazy\" decoding=\"async\" width=\"580\" height=\"326\" src=\"https:\/\/elfakijoe.com\/wp-content\/uploads\/2022\/04\/image-1024x576.png\" class=\"attachment-large size-large wp-post-image\" alt=\"\" style=\"\" srcset=\"https:\/\/elfakijoe.com\/wp-content\/uploads\/2022\/04\/image-1024x576.png 1024w, https:\/\/elfakijoe.com\/wp-content\/uploads\/2022\/04\/image-300x169.png 300w, https:\/\/elfakijoe.com\/wp-content\/uploads\/2022\/04\/image-768x432.png 768w, https:\/\/elfakijoe.com\/wp-content\/uploads\/2022\/04\/image-1536x864.png 1536w, https:\/\/elfakijoe.com\/wp-content\/uploads\/2022\/04\/image-18x10.png 18w, https:\/\/elfakijoe.com\/wp-content\/uploads\/2022\/04\/image-1200x675.png 1200w, https:\/\/elfakijoe.com\/wp-content\/uploads\/2022\/04\/image.png 1920w\" sizes=\"auto, (max-width: 580px) 100vw, 580px\" \/><\/a><\/div><a class=\"wp-block-latest-posts__post-title\" href=\"https:\/\/elfakijoe.com\/fr\/fixed-gear-tutorials\/how-to-super-slider-on-a-fixed-gear-bike\">Comment faire un super slider en fixie<\/a><\/li>\n<li><div class=\"wp-block-latest-posts__featured-image aligncenter\"><a href=\"https:\/\/elfakijoe.com\/fr\/bike-checks\/ismaels-leader-shadow-bike-check\" aria-label=\"V\u00e9rification du v\u00e9lo Shadow Leader d&#039;Ismael\"><img loading=\"lazy\" decoding=\"async\" width=\"580\" height=\"387\" src=\"https:\/\/elfakijoe.com\/wp-content\/uploads\/2022\/02\/DSC4871-1024x683.jpg\" class=\"attachment-large size-large wp-post-image\" alt=\"\" style=\"\" srcset=\"https:\/\/elfakijoe.com\/wp-content\/uploads\/2022\/02\/DSC4871-1024x683.jpg 1024w, https:\/\/elfakijoe.com\/wp-content\/uploads\/2022\/02\/DSC4871-300x200.jpg 300w, https:\/\/elfakijoe.com\/wp-content\/uploads\/2022\/02\/DSC4871-768x512.jpg 768w, https:\/\/elfakijoe.com\/wp-content\/uploads\/2022\/02\/DSC4871-1536x1024.jpg 1536w\" sizes=\"auto, (max-width: 580px) 100vw, 580px\" \/><\/a><\/div><a class=\"wp-block-latest-posts__post-title\" href=\"https:\/\/elfakijoe.com\/fr\/bike-checks\/ismaels-leader-shadow-bike-check\">Ismael's Leader Shadow Bike Check<\/a><\/li>\n<li><div class=\"wp-block-latest-posts__featured-image aligncenter\"><a href=\"https:\/\/elfakijoe.com\/fr\/collabs\/unboxing-the-jri-fixed-grit\" aria-label=\"Unboxing du JRI Fixed Grit\"><img loading=\"lazy\" decoding=\"async\" width=\"580\" height=\"387\" src=\"https:\/\/elfakijoe.com\/wp-content\/uploads\/2021\/12\/DSC3621-correct-1024x684.jpg\" class=\"attachment-large size-large wp-post-image\" alt=\"\" style=\"\" srcset=\"https:\/\/elfakijoe.com\/wp-content\/uploads\/2021\/12\/DSC3621-correct-1024x684.jpg 1024w, https:\/\/elfakijoe.com\/wp-content\/uploads\/2021\/12\/DSC3621-correct-300x200.jpg 300w, https:\/\/elfakijoe.com\/wp-content\/uploads\/2021\/12\/DSC3621-correct-768x513.jpg 768w, https:\/\/elfakijoe.com\/wp-content\/uploads\/2021\/12\/DSC3621-correct-1536x1026.jpg 1536w, https:\/\/elfakijoe.com\/wp-content\/uploads\/2021\/12\/DSC3621-correct-2048x1369.jpg 2048w, https:\/\/elfakijoe.com\/wp-content\/uploads\/2021\/12\/DSC3621-correct-18x12.jpg 18w, https:\/\/elfakijoe.com\/wp-content\/uploads\/2021\/12\/DSC3621-correct-1200x802.jpg 1200w, https:\/\/elfakijoe.com\/wp-content\/uploads\/2021\/12\/DSC3621-correct-1980x1323.jpg 1980w\" sizes=\"auto, (max-width: 580px) 100vw, 580px\" \/><\/a><\/div><a class=\"wp-block-latest-posts__post-title\" href=\"https:\/\/elfakijoe.com\/fr\/collabs\/unboxing-the-jri-fixed-grit\">Unboxing du JRI Fixed Grit<\/a><\/li>\n<li><div class=\"wp-block-latest-posts__featured-image aligncenter\"><a href=\"https:\/\/elfakijoe.com\/fr\/bike-checks\/francois-mash-parallax-optical\" aria-label=\"V\u00e9rification optique du v\u00e9lo Mash Parallax de Fran\u00e7ois\"><img loading=\"lazy\" decoding=\"async\" width=\"580\" height=\"387\" src=\"https:\/\/elfakijoe.com\/wp-content\/uploads\/2021\/09\/DLI03668-1024x683.jpg\" class=\"attachment-large size-large wp-post-image\" alt=\"\" style=\"\" srcset=\"https:\/\/elfakijoe.com\/wp-content\/uploads\/2021\/09\/DLI03668-1024x683.jpg 1024w, https:\/\/elfakijoe.com\/wp-content\/uploads\/2021\/09\/DLI03668-300x200.jpg 300w, https:\/\/elfakijoe.com\/wp-content\/uploads\/2021\/09\/DLI03668-768x512.jpg 768w, https:\/\/elfakijoe.com\/wp-content\/uploads\/2021\/09\/DLI03668-1536x1024.jpg 1536w, https:\/\/elfakijoe.com\/wp-content\/uploads\/2021\/09\/DLI03668-2048x1365.jpg 2048w, https:\/\/elfakijoe.com\/wp-content\/uploads\/2021\/09\/DLI03668-18x12.jpg 18w, https:\/\/elfakijoe.com\/wp-content\/uploads\/2021\/09\/DLI03668-1200x800.jpg 1200w, https:\/\/elfakijoe.com\/wp-content\/uploads\/2021\/09\/DLI03668-1980x1320.jpg 1980w\" sizes=\"auto, (max-width: 580px) 100vw, 580px\" \/><\/a><\/div><a class=\"wp-block-latest-posts__post-title\" href=\"https:\/\/elfakijoe.com\/fr\/bike-checks\/francois-mash-parallax-optical\">Fran\u00e7ois\u2019 Mash Parallax Optical Bike Check<\/a><\/li>\n<li><div class=\"wp-block-latest-posts__featured-image aligncenter\"><a href=\"https:\/\/elfakijoe.com\/fr\/fixed-gear-tutorials\/how-to-trackstand-on-a-fixed-gear-bike\" aria-label=\"Comment faire un trackstand sur un fixie\"><img loading=\"lazy\" decoding=\"async\" width=\"580\" height=\"387\" src=\"https:\/\/elfakijoe.com\/wp-content\/uploads\/2021\/09\/DLI03596-1024x683.jpg\" class=\"attachment-large size-large wp-post-image\" alt=\"\" style=\"\" srcset=\"https:\/\/elfakijoe.com\/wp-content\/uploads\/2021\/09\/DLI03596-1024x683.jpg 1024w, https:\/\/elfakijoe.com\/wp-content\/uploads\/2021\/09\/DLI03596-300x200.jpg 300w, https:\/\/elfakijoe.com\/wp-content\/uploads\/2021\/09\/DLI03596-768x512.jpg 768w, https:\/\/elfakijoe.com\/wp-content\/uploads\/2021\/09\/DLI03596-1536x1024.jpg 1536w, https:\/\/elfakijoe.com\/wp-content\/uploads\/2021\/09\/DLI03596-2048x1366.jpg 2048w, https:\/\/elfakijoe.com\/wp-content\/uploads\/2021\/09\/DLI03596-18x12.jpg 18w, https:\/\/elfakijoe.com\/wp-content\/uploads\/2021\/09\/DLI03596-1200x800.jpg 1200w, https:\/\/elfakijoe.com\/wp-content\/uploads\/2021\/09\/DLI03596-1980x1320.jpg 1980w\" sizes=\"auto, (max-width: 580px) 100vw, 580px\" \/><\/a><\/div><a class=\"wp-block-latest-posts__post-title\" href=\"https:\/\/elfakijoe.com\/fr\/fixed-gear-tutorials\/how-to-trackstand-on-a-fixed-gear-bike\">Comment faire un trackstand sur un fixie<\/a><\/li>\n<li><div class=\"wp-block-latest-posts__featured-image aligncenter\"><a href=\"https:\/\/elfakijoe.com\/fr\/bike-checks\/pauls-cinelli-vigorelli-caleido-bike-check\" aria-label=\"Paul&#039;s Cinelli Vigorelli Caleido Bike Check\"><img loading=\"lazy\" decoding=\"async\" width=\"580\" height=\"387\" src=\"https:\/\/elfakijoe.com\/wp-content\/uploads\/2021\/09\/DLI03250-1024x683.jpg\" class=\"attachment-large size-large wp-post-image\" alt=\"\" style=\"\" srcset=\"https:\/\/elfakijoe.com\/wp-content\/uploads\/2021\/09\/DLI03250-1024x683.jpg 1024w, https:\/\/elfakijoe.com\/wp-content\/uploads\/2021\/09\/DLI03250-300x200.jpg 300w, https:\/\/elfakijoe.com\/wp-content\/uploads\/2021\/09\/DLI03250-768x512.jpg 768w, https:\/\/elfakijoe.com\/wp-content\/uploads\/2021\/09\/DLI03250-1536x1024.jpg 1536w, https:\/\/elfakijoe.com\/wp-content\/uploads\/2021\/09\/DLI03250-2048x1365.jpg 2048w, https:\/\/elfakijoe.com\/wp-content\/uploads\/2021\/09\/DLI03250-16x12.jpg 16w, https:\/\/elfakijoe.com\/wp-content\/uploads\/2021\/09\/DLI03250-1200x800.jpg 1200w, https:\/\/elfakijoe.com\/wp-content\/uploads\/2021\/09\/DLI03250-1980x1320.jpg 1980w\" sizes=\"auto, (max-width: 580px) 100vw, 580px\" \/><\/a><\/div><a class=\"wp-block-latest-posts__post-title\" href=\"https:\/\/elfakijoe.com\/fr\/bike-checks\/pauls-cinelli-vigorelli-caleido-bike-check\">Paul&#039;s Cinelli Vigorelli Caleido Bike Check<\/a><\/li>\n<li><div class=\"wp-block-latest-posts__featured-image aligncenter\"><a href=\"https:\/\/elfakijoe.com\/fr\/fixed-gear-tutorials\/how-to-bunny-hop-on-a-fixed-gear-bike\" aria-label=\"Comment faire un bunny hop sur un fixie\"><img loading=\"lazy\" decoding=\"async\" width=\"580\" height=\"386\" src=\"https:\/\/elfakijoe.com\/wp-content\/uploads\/2021\/07\/WSZN8812-e1626198682460-edited-1-1024x682.jpg\" class=\"attachment-large size-large wp-post-image\" alt=\"\" style=\"\" srcset=\"https:\/\/elfakijoe.com\/wp-content\/uploads\/2021\/07\/WSZN8812-e1626198682460-edited-1-1024x682.jpg 1024w, https:\/\/elfakijoe.com\/wp-content\/uploads\/2021\/07\/WSZN8812-e1626198682460-edited-1-300x200.jpg 300w, https:\/\/elfakijoe.com\/wp-content\/uploads\/2021\/07\/WSZN8812-e1626198682460-edited-1-768x512.jpg 768w, https:\/\/elfakijoe.com\/wp-content\/uploads\/2021\/07\/WSZN8812-e1626198682460-edited-1-1536x1024.jpg 1536w, https:\/\/elfakijoe.com\/wp-content\/uploads\/2021\/07\/WSZN8812-e1626198682460-edited-1-16x12.jpg 16w, https:\/\/elfakijoe.com\/wp-content\/uploads\/2021\/07\/WSZN8812-e1626198682460-edited-1-1200x800.jpg 1200w, https:\/\/elfakijoe.com\/wp-content\/uploads\/2021\/07\/WSZN8812-e1626198682460-edited-1.jpg 1667w\" sizes=\"auto, (max-width: 580px) 100vw, 580px\" \/><\/a><\/div><a class=\"wp-block-latest-posts__post-title\" href=\"https:\/\/elfakijoe.com\/fr\/fixed-gear-tutorials\/how-to-bunny-hop-on-a-fixed-gear-bike\">Comment faire un bunny hop sur un fixie<\/a><\/li>\n<li><div class=\"wp-block-latest-posts__featured-image aligncenter\"><a href=\"https:\/\/elfakijoe.com\/fr\/bike-checks\/diegos-brooklyn-machine-works-gangsta-track-bike-check\" aria-label=\"V\u00e9rification du v\u00e9lo de piste Brooklyn Machine Gangsta de Diego\"><img loading=\"lazy\" decoding=\"async\" width=\"580\" height=\"387\" src=\"https:\/\/elfakijoe.com\/wp-content\/uploads\/2021\/07\/DSC07186-1024x683.jpg\" class=\"attachment-large size-large wp-post-image\" alt=\"\" style=\"\" srcset=\"https:\/\/elfakijoe.com\/wp-content\/uploads\/2021\/07\/DSC07186-1024x683.jpg 1024w, https:\/\/elfakijoe.com\/wp-content\/uploads\/2021\/07\/DSC07186-300x200.jpg 300w, https:\/\/elfakijoe.com\/wp-content\/uploads\/2021\/07\/DSC07186-768x512.jpg 768w, https:\/\/elfakijoe.com\/wp-content\/uploads\/2021\/07\/DSC07186-1536x1024.jpg 1536w, https:\/\/elfakijoe.com\/wp-content\/uploads\/2021\/07\/DSC07186-2048x1365.jpg 2048w, https:\/\/elfakijoe.com\/wp-content\/uploads\/2021\/07\/DSC07186-16x12.jpg 16w, https:\/\/elfakijoe.com\/wp-content\/uploads\/2021\/07\/DSC07186-1200x800.jpg 1200w, https:\/\/elfakijoe.com\/wp-content\/uploads\/2021\/07\/DSC07186-1980x1320.jpg 1980w\" sizes=\"auto, (max-width: 580px) 100vw, 580px\" \/><\/a><\/div><a class=\"wp-block-latest-posts__post-title\" href=\"https:\/\/elfakijoe.com\/fr\/bike-checks\/diegos-brooklyn-machine-works-gangsta-track-bike-check\">Diego\u2019s Brooklyn Machine Gangsta Track Bike Check<\/a><\/li>\n<li><div class=\"wp-block-latest-posts__featured-image aligncenter\"><a href=\"https:\/\/elfakijoe.com\/fr\/fixed-gear-tutorials\/how-to-skid-on-a-fixed-gear-bike\" aria-label=\"Comment faire un skid sur un v\u00e9lo \u00e0 pignon fixe\"><img loading=\"lazy\" decoding=\"async\" width=\"580\" height=\"387\" src=\"https:\/\/elfakijoe.com\/wp-content\/uploads\/2021\/07\/DSC00334-2-1024x683.jpg\" class=\"attachment-large size-large wp-post-image\" alt=\"\" style=\"\" srcset=\"https:\/\/elfakijoe.com\/wp-content\/uploads\/2021\/07\/DSC00334-2-1024x683.jpg 1024w, https:\/\/elfakijoe.com\/wp-content\/uploads\/2021\/07\/DSC00334-2-300x200.jpg 300w, https:\/\/elfakijoe.com\/wp-content\/uploads\/2021\/07\/DSC00334-2-768x512.jpg 768w, https:\/\/elfakijoe.com\/wp-content\/uploads\/2021\/07\/DSC00334-2-16x12.jpg 16w, https:\/\/elfakijoe.com\/wp-content\/uploads\/2021\/07\/DSC00334-2.jpg 1080w\" sizes=\"auto, (max-width: 580px) 100vw, 580px\" \/><\/a><\/div><a class=\"wp-block-latest-posts__post-title\" href=\"https:\/\/elfakijoe.com\/fr\/fixed-gear-tutorials\/how-to-skid-on-a-fixed-gear-bike\">Comment faire un skid sur un v\u00e9lo \u00e0 pignon fixe<\/a><\/li>\n<li><div class=\"wp-block-latest-posts__featured-image aligncenter\"><a href=\"https:\/\/elfakijoe.com\/fr\/bike-checks\/el-fakijoes-leader-722-heritage-edition-bike-check\" aria-label=\"V\u00e9rification du v\u00e9lo Leader 722 Heritage Edition de El Fakijoe\"><img loading=\"lazy\" decoding=\"async\" width=\"580\" height=\"387\" src=\"https:\/\/elfakijoe.com\/wp-content\/uploads\/2021\/04\/DSC04886-1024x683.jpg\" class=\"attachment-large size-large wp-post-image\" alt=\"Leader 722 \u00c9dition H\u00e9ritage\" style=\"\" srcset=\"https:\/\/elfakijoe.com\/wp-content\/uploads\/2021\/04\/DSC04886-1024x683.jpg 1024w, https:\/\/elfakijoe.com\/wp-content\/uploads\/2021\/04\/DSC04886-300x200.jpg 300w, https:\/\/elfakijoe.com\/wp-content\/uploads\/2021\/04\/DSC04886-768x512.jpg 768w, https:\/\/elfakijoe.com\/wp-content\/uploads\/2021\/04\/DSC04886-1536x1024.jpg 1536w, https:\/\/elfakijoe.com\/wp-content\/uploads\/2021\/04\/DSC04886-2048x1365.jpg 2048w, https:\/\/elfakijoe.com\/wp-content\/uploads\/2021\/04\/DSC04886-1200x800.jpg 1200w, https:\/\/elfakijoe.com\/wp-content\/uploads\/2021\/04\/DSC04886-1980x1320.jpg 1980w\" sizes=\"auto, (max-width: 580px) 100vw, 580px\" \/><\/a><\/div><a class=\"wp-block-latest-posts__post-title\" href=\"https:\/\/elfakijoe.com\/fr\/bike-checks\/el-fakijoes-leader-722-heritage-edition-bike-check\">El Fakijoe\u2019s Leader 722 Heritage Edition Bike Check<\/a><\/li>\n<\/ul>","protected":false},"excerpt":{"rendered":"<p>Retrouvez toutes les v\u00e9rifications de v\u00e9lo fixie, les tutoriels de trucs et les collaborations. Le pignon fixe est une passion sans fin, alors cette liste d&#039;articles l&#039;est !<\/p>","protected":false},"author":1,"featured_media":0,"parent":0,"menu_order":0,"comment_status":"closed","ping_status":"closed","template":"","meta":{"footnotes":""},"class_list":["post-1242","page","type-page","status-publish","hentry"],"jetpack-related-posts":[{"id":8,"url":"https:\/\/elfakijoe.com\/fr\/","url_meta":{"origin":1242,"position":0},"title":"A fixed gear experience","author":"el_fakijoe","date":"30 avril 2021","format":false,"excerpt":"Trick Tutorials Learn all the basic fixed gear tricks and more advanced ones! LEARN Bike Checks All the bikes united. We provide all the references to help you build yours! GO To List Photos All photos of my fixed gear experience, riding, meeting, tricking... GALLERY Get to know fixed gear\u2026","rel":"","context":"Article similaire","block_context":{"text":"Article similaire","link":""},"img":{"alt_text":"","src":"https:\/\/i0.wp.com\/elfakijoe.com\/wp-content\/uploads\/2021\/06\/DSC00369-e1652028599907.jpg?resize=350%2C200&quality=90&ssl=1","width":350,"height":200,"srcset":"https:\/\/i0.wp.com\/elfakijoe.com\/wp-content\/uploads\/2021\/06\/DSC00369-e1652028599907.jpg?resize=350%2C200&quality=90&ssl=1 1x, https:\/\/i0.wp.com\/elfakijoe.com\/wp-content\/uploads\/2021\/06\/DSC00369-e1652028599907.jpg?resize=525%2C300&quality=90&ssl=1 1.5x, https:\/\/i0.wp.com\/elfakijoe.com\/wp-content\/uploads\/2021\/06\/DSC00369-e1652028599907.jpg?resize=700%2C400&quality=90&ssl=1 2x"},"classes":[]},{"id":9,"url":"https:\/\/elfakijoe.com\/fr\/about","url_meta":{"origin":1242,"position":1},"title":"About El Fakijoe","author":"el_fakijoe","date":"30 avril 2021","format":false,"excerpt":"I then moved to Nice for my studies and continued riding with that old Peugeot, but I was thinking about building a more decent build for daily riding (I didn't know anything about freestyle). At that time, I knew how to skid and trackstand, just like most of the few\u2026","rel":"","context":"Article similaire","block_context":{"text":"Article similaire","link":""},"img":{"alt_text":"","src":"https:\/\/i0.wp.com\/elfakijoe.com\/wp-content\/uploads\/2021\/06\/DSC00227.jpg?resize=350%2C200&quality=90&ssl=1","width":350,"height":200,"srcset":"https:\/\/i0.wp.com\/elfakijoe.com\/wp-content\/uploads\/2021\/06\/DSC00227.jpg?resize=350%2C200&quality=90&ssl=1 1x, https:\/\/i0.wp.com\/elfakijoe.com\/wp-content\/uploads\/2021\/06\/DSC00227.jpg?resize=525%2C300&quality=90&ssl=1 1.5x, https:\/\/i0.wp.com\/elfakijoe.com\/wp-content\/uploads\/2021\/06\/DSC00227.jpg?resize=700%2C400&quality=90&ssl=1 2x"},"classes":[]},{"id":117,"url":"https:\/\/elfakijoe.com\/fr\/photos","url_meta":{"origin":1242,"position":2},"title":"Photos","author":"el_fakijoe","date":"13 juin 2021","format":false,"excerpt":"Here are the photos I've shot with photographers or picture I shot myself.Credits to photographs are linked in each photo description. ...Enjoy! Photographs So far, I've worked with the following photographers: SVKJ \/\/ @svkj__Nicolas Catovic \/\/ @nicolas.catovicCyyycles \/\/ cyyycles.comELSKSAMR Wong \/\/ @mr.w.o.n.gRomain Abeille \/\/ @gromince","rel":"","context":"Article similaire","block_context":{"text":"Article similaire","link":""},"img":{"alt_text":"","src":"","width":0,"height":0},"classes":[]}],"_links":{"self":[{"href":"https:\/\/elfakijoe.com\/fr\/wp-json\/wp\/v2\/pages\/1242","targetHints":{"allow":["GET"]}}],"collection":[{"href":"https:\/\/elfakijoe.com\/fr\/wp-json\/wp\/v2\/pages"}],"about":[{"href":"https:\/\/elfakijoe.com\/fr\/wp-json\/wp\/v2\/types\/page"}],"author":[{"embeddable":true,"href":"https:\/\/elfakijoe.com\/fr\/wp-json\/wp\/v2\/users\/1"}],"replies":[{"embeddable":true,"href":"https:\/\/elfakijoe.com\/fr\/wp-json\/wp\/v2\/comments?post=1242"}],"version-history":[{"count":2,"href":"https:\/\/elfakijoe.com\/fr\/wp-json\/wp\/v2\/pages\/1242\/revisions"}],"predecessor-version":[{"id":1684,"href":"https:\/\/elfakijoe.com\/fr\/wp-json\/wp\/v2\/pages\/1242\/revisions\/1684"}],"wp:attachment":[{"href":"https:\/\/elfakijoe.com\/fr\/wp-json\/wp\/v2\/media?parent=1242"}],"curies":[{"name":"wp","href":"https:\/\/api.w.org\/{rel}","templated":true}]}}