{"id":8,"date":"2021-04-30T03:00:02","date_gmt":"2021-04-30T01:00:02","guid":{"rendered":"http:\/\/elfakijoe.herokuapp.com\/?page_id=8"},"modified":"2022-08-15T22:33:30","modified_gmt":"2022-08-15T20:33:30","slug":"home","status":"publish","type":"page","link":"https:\/\/elfakijoe.com\/fr\/","title":{"rendered":"A fixed gear experience"},"content":{"rendered":"<div class=\"wp-block-media-text alignwide is-stacked-on-mobile is-vertically-aligned-center is-image-fill\" style=\"grid-template-columns:29% auto\"><figure class=\"wp-block-media-text__media\" style=\"background-image:url(https:\/\/elfakijoe.com\/wp-content\/uploads\/2022\/05\/ALFAKAL-47-683x1024.jpg);background-position:35% 57.99999999999999%\"><img loading=\"lazy\" decoding=\"async\" width=\"683\" height=\"1024\" src=\"https:\/\/elfakijoe.com\/wp-content\/uploads\/2022\/05\/ALFAKAL-47-683x1024.jpg\" alt=\"\" class=\"wp-image-1489 size-full\" srcset=\"https:\/\/elfakijoe.com\/wp-content\/uploads\/2022\/05\/ALFAKAL-47-683x1024.jpg 683w, https:\/\/elfakijoe.com\/wp-content\/uploads\/2022\/05\/ALFAKAL-47-200x300.jpg 200w, https:\/\/elfakijoe.com\/wp-content\/uploads\/2022\/05\/ALFAKAL-47-768x1152.jpg 768w, https:\/\/elfakijoe.com\/wp-content\/uploads\/2022\/05\/ALFAKAL-47-1024x1536.jpg 1024w, https:\/\/elfakijoe.com\/wp-content\/uploads\/2022\/05\/ALFAKAL-47-1365x2048.jpg 1365w, https:\/\/elfakijoe.com\/wp-content\/uploads\/2022\/05\/ALFAKAL-47-8x12.jpg 8w, https:\/\/elfakijoe.com\/wp-content\/uploads\/2022\/05\/ALFAKAL-47-1200x1800.jpg 1200w, https:\/\/elfakijoe.com\/wp-content\/uploads\/2022\/05\/ALFAKAL-47-1980x2970.jpg 1980w, https:\/\/elfakijoe.com\/wp-content\/uploads\/2022\/05\/ALFAKAL-47-scaled.jpg 1706w\" sizes=\"auto, (max-width: 683px) 100vw, 683px\" \/><\/figure><div class=\"wp-block-media-text__content\">\n<div class=\"wp-block-group alignwide\"><div class=\"wp-block-group__inner-container is-layout-flow wp-block-group-is-layout-flow\">\n<div class=\"wp-block-columns alignfull is-layout-flex wp-container-core-columns-is-layout-9d6595d7 wp-block-columns-is-layout-flex\">\n<div class=\"wp-block-column is-vertically-aligned-center is-layout-flow wp-block-column-is-layout-flow\" style=\"flex-basis:100%\"><ul class=\"wp-block-latest-posts__list alignfull wp-block-latest-posts\"><li><div class=\"wp-block-latest-posts__featured-image alignright\"><a href=\"https:\/\/elfakijoe.com\/fr\/fixed-gear-tutorials\/how-to-keo-spin-on-a-fixed-gear-bike\" aria-label=\"How to keo spin on a fixed gear bike\"><img loading=\"lazy\" decoding=\"async\" width=\"300\" height=\"169\" src=\"https:\/\/elfakijoe.com\/wp-content\/uploads\/2022\/08\/keospin-elfakijoe-mrwong-300x169.jpg\" class=\"attachment-medium size-medium wp-post-image\" alt=\"\" style=\"\" srcset=\"https:\/\/elfakijoe.com\/wp-content\/uploads\/2022\/08\/keospin-elfakijoe-mrwong-300x169.jpg 300w, https:\/\/elfakijoe.com\/wp-content\/uploads\/2022\/08\/keospin-elfakijoe-mrwong-1024x576.jpg 1024w, https:\/\/elfakijoe.com\/wp-content\/uploads\/2022\/08\/keospin-elfakijoe-mrwong-768x432.jpg 768w, https:\/\/elfakijoe.com\/wp-content\/uploads\/2022\/08\/keospin-elfakijoe-mrwong-18x10.jpg 18w, https:\/\/elfakijoe.com\/wp-content\/uploads\/2022\/08\/keospin-elfakijoe-mrwong.jpg 1080w\" sizes=\"auto, (max-width: 300px) 100vw, 300px\" \/><\/a><\/div><a class=\"wp-block-latest-posts__post-title\" href=\"https:\/\/elfakijoe.com\/fr\/fixed-gear-tutorials\/how-to-keo-spin-on-a-fixed-gear-bike\">How to keo spin on a fixed gear bike<\/a><div class=\"wp-block-latest-posts__post-excerpt\">Keospin consists in entering a spin on your backwheel while you&#8217;re riding fakie (backwards). Technically, if you start it with one hand, that&#8217;s a keo spin, otherwise it&#8217;s just a\u2026 <a class=\"wp-block-latest-posts__read-more\" href=\"https:\/\/elfakijoe.com\/fr\/fixed-gear-tutorials\/how-to-keo-spin-on-a-fixed-gear-bike\" rel=\"noopener noreferrer\">Lire la suite<span class=\"screen-reader-text\">\u00a0: How to keo spin on a fixed gear bike<\/span><\/a><\/div><\/li>\n<li><div class=\"wp-block-latest-posts__featured-image alignright\"><a href=\"https:\/\/elfakijoe.com\/fr\/bike-checks\/jackson-radshaws-mash-reyes-bike-check\" aria-label=\"Jackson Radshaw&#8217;s Mash Reyes Bike Check\"><img loading=\"lazy\" decoding=\"async\" width=\"300\" height=\"200\" src=\"https:\/\/elfakijoe.com\/wp-content\/uploads\/2022\/07\/DSC06274-22-1-300x200.jpg\" class=\"attachment-medium size-medium wp-post-image\" alt=\"\" style=\"\" srcset=\"https:\/\/elfakijoe.com\/wp-content\/uploads\/2022\/07\/DSC06274-22-1-300x200.jpg 300w, https:\/\/elfakijoe.com\/wp-content\/uploads\/2022\/07\/DSC06274-22-1-1024x683.jpg 1024w, https:\/\/elfakijoe.com\/wp-content\/uploads\/2022\/07\/DSC06274-22-1-768x512.jpg 768w, https:\/\/elfakijoe.com\/wp-content\/uploads\/2022\/07\/DSC06274-22-1-1536x1024.jpg 1536w, https:\/\/elfakijoe.com\/wp-content\/uploads\/2022\/07\/DSC06274-22-1-18x12.jpg 18w, https:\/\/elfakijoe.com\/wp-content\/uploads\/2022\/07\/DSC06274-22-1-1200x800.jpg 1200w, https:\/\/elfakijoe.com\/wp-content\/uploads\/2022\/07\/DSC06274-22-1-1980x1320.jpg 1980w, https:\/\/elfakijoe.com\/wp-content\/uploads\/2022\/07\/DSC06274-22-1.jpg 2048w\" sizes=\"auto, (max-width: 300px) 100vw, 300px\" \/><\/a><\/div><a class=\"wp-block-latest-posts__post-title\" href=\"https:\/\/elfakijoe.com\/fr\/bike-checks\/jackson-radshaws-mash-reyes-bike-check\">Jackson Radshaw&#8217;s Mash Reyes Bike Check<\/a><div class=\"wp-block-latest-posts__post-excerpt\">While traveling around Europe, Jackson Radshaw came to France to see how the scene was going here. No surprisingly, he found Jakub aka @fixie_transformer in Grenoble and then came to\u2026 <a class=\"wp-block-latest-posts__read-more\" href=\"https:\/\/elfakijoe.com\/fr\/bike-checks\/jackson-radshaws-mash-reyes-bike-check\" rel=\"noopener noreferrer\">Lire la suite<span class=\"screen-reader-text\">\u00a0: Jackson Radshaw&#8217;s Mash Reyes Bike Check<\/span><\/a><\/div><\/li>\n<li><div class=\"wp-block-latest-posts__featured-image alignright\"><a href=\"https:\/\/elfakijoe.com\/fr\/collabs\/beastybike-ultimate-fixie-wheelset\" aria-label=\"Beastybike&#8217;s ultimate fixie wheelset\"><img loading=\"lazy\" decoding=\"async\" width=\"300\" height=\"169\" src=\"https:\/\/elfakijoe.com\/wp-content\/uploads\/2022\/04\/DSCF6235-scaled-e1653834433656-300x169.jpg\" class=\"attachment-medium size-medium wp-post-image\" alt=\"\" style=\"\" srcset=\"https:\/\/elfakijoe.com\/wp-content\/uploads\/2022\/04\/DSCF6235-scaled-e1653834433656-300x169.jpg 300w, https:\/\/elfakijoe.com\/wp-content\/uploads\/2022\/04\/DSCF6235-scaled-e1653834433656-1024x576.jpg 1024w, https:\/\/elfakijoe.com\/wp-content\/uploads\/2022\/04\/DSCF6235-scaled-e1653834433656-768x432.jpg 768w, https:\/\/elfakijoe.com\/wp-content\/uploads\/2022\/04\/DSCF6235-scaled-e1653834433656-1536x864.jpg 1536w, https:\/\/elfakijoe.com\/wp-content\/uploads\/2022\/04\/DSCF6235-scaled-e1653834433656-2048x1152.jpg 2048w, https:\/\/elfakijoe.com\/wp-content\/uploads\/2022\/04\/DSCF6235-scaled-e1653834433656-18x10.jpg 18w, https:\/\/elfakijoe.com\/wp-content\/uploads\/2022\/04\/DSCF6235-scaled-e1653834433656-1200x675.jpg 1200w, https:\/\/elfakijoe.com\/wp-content\/uploads\/2022\/04\/DSCF6235-scaled-e1653834433656-1980x1114.jpg 1980w\" sizes=\"auto, (max-width: 300px) 100vw, 300px\" \/><\/a><\/div><a class=\"wp-block-latest-posts__post-title\" href=\"https:\/\/elfakijoe.com\/fr\/collabs\/beastybike-ultimate-fixie-wheelset\">La paire de roues fixie ultime, sign\u00e9e Beastybike<\/a><div class=\"wp-block-latest-posts__post-excerpt\">Fixed gear bikes doesn&#8217;t require much components, but the less you have the most reliable it must be! This is the challenge I took with BeastyBike.com to build this dream\u2026 <a class=\"wp-block-latest-posts__read-more\" href=\"https:\/\/elfakijoe.com\/fr\/collabs\/beastybike-ultimate-fixie-wheelset\" rel=\"noopener noreferrer\">Lire la suite<span class=\"screen-reader-text\">\u00a0: Beastybike&#8217;s ultimate fixie wheelset<\/span><\/a><\/div><\/li>\n<\/ul><\/div>\n<\/div>\n<\/div><\/div>\n<\/div><\/div>\n\n\n<section class=\"parallax-section\"><div class=\"parallax-window\" data-position-x=\"center\" data-parallax=\"scroll\" data-speed=\".2\" data-image-src=\"https:\/\/i0.wp.com\/elfakijoe.com\/wp-content\/uploads\/2022\/05\/fakijoe-spin-layer.png?fit=1920%2C&#038;quality=1080&#038;ssl=1\" style=\"align-items: center;min-height: 800px;\"><div class=\"parallax-container parallax-content\"><\/p>\n<div class=\"wp-block-group\" style=\"color: white;\">\n<h1 class=\"alignfull banner mx-5 wow animate__animated animate__animated animate__animated\" style=\"text-align: right;mix-blend-mode: difference;\">Vous roulez en fixie ?<\/h1>\n<h5 class=\"alignfull banner mx-5 wow animate__animated animate__animated animate__animated animate__animated animate__animated\" style=\"color:black; text-align: right;visibility: hidden;font-family: NonBreakingSpaceOverride, 'Hoefler Text', Garamond, 'Times New Roman', serif !important;font-weight:normal;\"> <mark style=\"background-color:white\">Qu'importe, vous avez atterri \u00e0 l'endroit id\u00e9al pour tout savoir \u00e0 ce sujet !<\/mark><\/h5>\n<h5 class=\"alignfull banner mx-5 wow animate__animated animate__animated animate__animated animate__animated animate__animated\" style=\"color:black; text-align: right;visibility: hidden;\">\n<div class=\"wp-block-button is-style-outline\" style=\"color:black;border-color:black;\"><a class=\"wp-block-button__link\" href=\"https:\/\/elfakijoe.com\/fr\/category\/fixed-gear-tutorials\/\">APPRENDRE<\/a><\/div>\n<\/h5>\n<\/div>\n<p><\/div><\/div><\/section>\n\n\n\n<div class=\"wp-block-columns alignwide is-layout-flex wp-container-core-columns-is-layout-9d6595d7 wp-block-columns-is-layout-flex\">\n<div class=\"wp-block-column is-layout-flow wp-block-column-is-layout-flow\">\n<div class=\"wp-block-group\"><div class=\"wp-block-group__inner-container is-layout-flow wp-block-group-is-layout-flow\">\n<figure class=\"wp-block-image alignfull size-large is-style-default\"><img loading=\"lazy\" decoding=\"async\" width=\"876\" height=\"493\" src=\"https:\/\/elfakijoe.com\/wp-content\/uploads\/2022\/05\/DSC00334-1-e1653576544903-edited.jpg\" alt=\"\" class=\"wp-image-1602\" srcset=\"https:\/\/elfakijoe.com\/wp-content\/uploads\/2022\/05\/DSC00334-1-e1653576544903-edited.jpg 876w, https:\/\/elfakijoe.com\/wp-content\/uploads\/2022\/05\/DSC00334-1-e1653576544903-edited-300x169.jpg 300w, https:\/\/elfakijoe.com\/wp-content\/uploads\/2022\/05\/DSC00334-1-e1653576544903-edited-768x432.jpg 768w, https:\/\/elfakijoe.com\/wp-content\/uploads\/2022\/05\/DSC00334-1-e1653576544903-edited-18x10.jpg 18w\" sizes=\"auto, (max-width: 876px) 100vw, 876px\" \/><\/figure>\n\n\n\n<h3 class=\"has-text-align-left wp-block-heading\">Tutoriels Tricks<\/h3>\n\n\n\n<p>Apprenez toutes les tricks de base et m\u00eame les plus avanc\u00e9s. Am\u00e9liorez votre bike control avec style !<\/p>\n\n\n\n<div class=\"wp-block-button is-style-outline is-style-outline--1\"><a class=\"wp-block-button__link\" href=\"https:\/\/elfakijoe.com\/fr\/category\/fixed-gear-tutorials\/\">APPRENDRE<\/a><\/div>\n<\/div><\/div>\n\n\n\n<div class=\"wp-block-group\"><div class=\"wp-block-group__inner-container is-layout-flow wp-block-group-is-layout-flow\"><\/div><\/div>\n<\/div>\n\n\n\n<div class=\"wp-block-column is-layout-flow wp-block-column-is-layout-flow\">\n<div class=\"wp-block-group\"><div class=\"wp-block-group__inner-container is-layout-flow wp-block-group-is-layout-flow\">\n<figure class=\"wp-block-image alignfull size-large\"><img loading=\"lazy\" decoding=\"async\" width=\"2560\" height=\"1705\" src=\"https:\/\/elfakijoe.com\/wp-content\/uploads\/2022\/05\/ALFAKAL-20-edited-scaled.jpg\" alt=\"\" class=\"wp-image-1506\" srcset=\"https:\/\/elfakijoe.com\/wp-content\/uploads\/2022\/05\/ALFAKAL-20-edited-scaled.jpg 2560w, https:\/\/elfakijoe.com\/wp-content\/uploads\/2022\/05\/ALFAKAL-20-edited-300x200.jpg 300w, https:\/\/elfakijoe.com\/wp-content\/uploads\/2022\/05\/ALFAKAL-20-edited-1024x682.jpg 1024w, https:\/\/elfakijoe.com\/wp-content\/uploads\/2022\/05\/ALFAKAL-20-edited-768x512.jpg 768w, https:\/\/elfakijoe.com\/wp-content\/uploads\/2022\/05\/ALFAKAL-20-edited-1536x1023.jpg 1536w, https:\/\/elfakijoe.com\/wp-content\/uploads\/2022\/05\/ALFAKAL-20-edited-2048x1364.jpg 2048w, https:\/\/elfakijoe.com\/wp-content\/uploads\/2022\/05\/ALFAKAL-20-edited-18x12.jpg 18w, https:\/\/elfakijoe.com\/wp-content\/uploads\/2022\/05\/ALFAKAL-20-edited-1200x799.jpg 1200w, https:\/\/elfakijoe.com\/wp-content\/uploads\/2022\/05\/ALFAKAL-20-edited-1980x1319.jpg 1980w\" sizes=\"auto, (max-width: 2560px) 100vw, 2560px\" \/><\/figure>\n\n\n\n<h3 class=\"has-text-align-left wp-block-heading\">Bike Checks<\/h3>\n\n\n\n<p>D\u00e9couvrez les fixies et les riders de cette immense famille et inspirez votre prochain montage !<\/p>\n\n\n\n<div class=\"wp-block-button is-style-outline is-style-outline--2\"><a class=\"wp-block-button__link\" href=\"https:\/\/elfakijoe.com\/fr\/category\/bike-checks\/\">Aller \u00e0 la liste<\/a><\/div>\n\n\n\n<p><\/p>\n<\/div><\/div>\n<\/div>\n\n\n\n<div class=\"wp-block-column is-layout-flow wp-block-column-is-layout-flow\">\n<div class=\"wp-block-group\"><div class=\"wp-block-group__inner-container is-layout-flow wp-block-group-is-layout-flow\">\n<figure class=\"wp-block-image alignfull size-large\"><img decoding=\"async\" src=\"https:\/\/elfakijoe.com\/wp-content\/uploads\/2022\/05\/DSC00067-793x1024.jpg\" alt=\"\" class=\"wp-image-1510\"\/><\/figure>\n\n\n\n<h3 class=\"has-text-align-left wp-block-heading\">Photos<\/h3>\n\n\n\n<p>Toutes les photos de mon exp\u00e9rience en pignon fixe, ride, rencontres, tricks\u2026<\/p>\n\n\n\n<div class=\"wp-block-button is-style-outline is-style-outline--3\"><a class=\"wp-block-button__link\" href=\"https:\/\/elfakijoe.com\/fr\/photos\/\">GALERIE<\/a><\/div>\n\n\n\n<p><\/p>\n<\/div><\/div>\n<\/div>\n<\/div>\n\n\n\n<div class=\"wp-block-group\"><div class=\"wp-block-group__inner-container is-layout-flow wp-block-group-is-layout-flow\"><\/div><\/div>\n\n\n\n<div class=\"wp-block-group alignfull\"><div class=\"wp-block-group__inner-container is-layout-flow wp-block-group-is-layout-flow\">\n<div class=\"wp-block-media-text alignwide has-media-on-the-right is-stacked-on-mobile is-vertically-aligned-center w-100 has-background-color has-primary-background-color has-text-color has-background\" style=\"grid-template-columns:auto 40%\"><figure class=\"wp-block-media-text__media\"><img loading=\"lazy\" decoding=\"async\" width=\"819\" height=\"1024\" src=\"https:\/\/elfakijoe.com\/wp-content\/uploads\/2022\/04\/elfakijoe_jri_DSC2670_elsksa-1-819x1024.jpg\" alt=\"\" class=\"wp-image-1422 size-full\" srcset=\"https:\/\/elfakijoe.com\/wp-content\/uploads\/2022\/04\/elfakijoe_jri_DSC2670_elsksa-1-819x1024.jpg 819w, https:\/\/elfakijoe.com\/wp-content\/uploads\/2022\/04\/elfakijoe_jri_DSC2670_elsksa-1-240x300.jpg 240w, https:\/\/elfakijoe.com\/wp-content\/uploads\/2022\/04\/elfakijoe_jri_DSC2670_elsksa-1-768x960.jpg 768w, https:\/\/elfakijoe.com\/wp-content\/uploads\/2022\/04\/elfakijoe_jri_DSC2670_elsksa-1-1229x1536.jpg 1229w, https:\/\/elfakijoe.com\/wp-content\/uploads\/2022\/04\/elfakijoe_jri_DSC2670_elsksa-1-1638x2048.jpg 1638w, https:\/\/elfakijoe.com\/wp-content\/uploads\/2022\/04\/elfakijoe_jri_DSC2670_elsksa-1-10x12.jpg 10w, https:\/\/elfakijoe.com\/wp-content\/uploads\/2022\/04\/elfakijoe_jri_DSC2670_elsksa-1-1200x1500.jpg 1200w, https:\/\/elfakijoe.com\/wp-content\/uploads\/2022\/04\/elfakijoe_jri_DSC2670_elsksa-1-1980x2475.jpg 1980w, https:\/\/elfakijoe.com\/wp-content\/uploads\/2022\/04\/elfakijoe_jri_DSC2670_elsksa-1-scaled.jpg 2048w\" sizes=\"auto, (max-width: 819px) 100vw, 819px\" \/><\/figure><div class=\"wp-block-media-text__content\">\n<div class=\"wp-block-group\" style=\"padding-top:2em;padding-right:2em;padding-bottom:2em;padding-left:2em\"><div class=\"wp-block-group__inner-container is-layout-flow wp-block-group-is-layout-flow\">\n<h2 class=\"wp-block-heading\"><strong><strong>D\u00e9crouvrez tout sur le pignon fixe<\/strong><\/strong><\/h2>\n\n\n\n<p class=\"has-text-align-justify has-extra-small-font-size\">Que vous soyez rider d\u00e9butant ou confirm\u00e9, d\u00e9couvrez des tutos freestyle in\u00e9dits, des bike check, des trucs et astuces, des photos de l\u2019univers pignon fixe\u2026<\/p>\n\n\n\n<p class=\"has-text-align-right\"><strong>Pourquoi ne pas d\u00e9bloquer le tricks<br>tu as toujours voulu ?<\/strong><\/p>\n\n\n\n<div class=\"wp-block-button has-text-align-right is-style-outline\" style=\"color:white;border-color:white;\"><a class=\"wp-block-button__link\" href=\"https:\/\/elfakijoe.com\/fr\/category\/fixed-gear-tutorials\/\">APPRENDRE<\/a><\/div>\n<\/div><\/div>\n<\/div><\/div>\n<\/div><\/div>\n\n\n\n<p><\/p>","protected":false},"excerpt":{"rendered":"<p>Trick Tutorials Learn all the basic fixed gear tricks and more advanced ones! Bike Checks All the bikes united. We provide all the references to help you build yours! Photos All photos of my fixed gear experience, riding, meeting, tricking&#8230; Get to know fixed gear Whether you are new or confirmed rider, discover fresh freestyle [&hellip;]<\/p>","protected":false},"author":1,"featured_media":85,"parent":0,"menu_order":6,"comment_status":"closed","ping_status":"closed","template":"templates\/template-cover.php","meta":{"footnotes":""},"class_list":["post-8","page","type-page","status-publish","has-post-thumbnail","hentry"],"jetpack-related-posts":[{"id":9,"url":"https:\/\/elfakijoe.com\/fr\/about","url_meta":{"origin":8,"position":0},"title":"About El Fakijoe","author":"el_fakijoe","date":"30 avril 2021","format":false,"excerpt":"I then moved to Nice for my studies and continued riding with that old Peugeot, but I was thinking about building a more decent build for daily riding (I didn't know anything about freestyle). At that time, I knew how to skid and trackstand, just like most of the few\u2026","rel":"","context":"Article similaire","block_context":{"text":"Article similaire","link":""},"img":{"alt_text":"","src":"https:\/\/i0.wp.com\/elfakijoe.com\/wp-content\/uploads\/2021\/06\/DSC00227.jpg?resize=350%2C200&quality=90&ssl=1","width":350,"height":200,"srcset":"https:\/\/i0.wp.com\/elfakijoe.com\/wp-content\/uploads\/2021\/06\/DSC00227.jpg?resize=350%2C200&quality=90&ssl=1 1x, https:\/\/i0.wp.com\/elfakijoe.com\/wp-content\/uploads\/2021\/06\/DSC00227.jpg?resize=525%2C300&quality=90&ssl=1 1.5x, https:\/\/i0.wp.com\/elfakijoe.com\/wp-content\/uploads\/2021\/06\/DSC00227.jpg?resize=700%2C400&quality=90&ssl=1 2x"},"classes":[]},{"id":1242,"url":"https:\/\/elfakijoe.com\/fr\/articles","url_meta":{"origin":8,"position":1},"title":"All articles","author":"el_fakijoe","date":"9 janvier 2022","format":false,"excerpt":"Find all fixie bike checks, trick tutorials and collaborations. Fixed gear is an endless passion, so this article list is!","rel":"","context":"Article similaire","block_context":{"text":"Article similaire","link":""},"img":{"alt_text":"","src":"","width":0,"height":0},"classes":[]}],"_links":{"self":[{"href":"https:\/\/elfakijoe.com\/fr\/wp-json\/wp\/v2\/pages\/8","targetHints":{"allow":["GET"]}}],"collection":[{"href":"https:\/\/elfakijoe.com\/fr\/wp-json\/wp\/v2\/pages"}],"about":[{"href":"https:\/\/elfakijoe.com\/fr\/wp-json\/wp\/v2\/types\/page"}],"author":[{"embeddable":true,"href":"https:\/\/elfakijoe.com\/fr\/wp-json\/wp\/v2\/users\/1"}],"replies":[{"embeddable":true,"href":"https:\/\/elfakijoe.com\/fr\/wp-json\/wp\/v2\/comments?post=8"}],"version-history":[{"count":127,"href":"https:\/\/elfakijoe.com\/fr\/wp-json\/wp\/v2\/pages\/8\/revisions"}],"predecessor-version":[{"id":1856,"href":"https:\/\/elfakijoe.com\/fr\/wp-json\/wp\/v2\/pages\/8\/revisions\/1856"}],"wp:featuredmedia":[{"embeddable":true,"href":"https:\/\/elfakijoe.com\/fr\/wp-json\/wp\/v2\/media\/85"}],"wp:attachment":[{"href":"https:\/\/elfakijoe.com\/fr\/wp-json\/wp\/v2\/media?parent=8"}],"curies":[{"name":"wp","href":"https:\/\/api.w.org\/{rel}","templated":true}]}}