{"id":9,"date":"2021-04-30T03:00:02","date_gmt":"2021-04-30T01:00:02","guid":{"rendered":"http:\/\/elfakijoe.herokuapp.com\/?page_id=9"},"modified":"2022-04-17T16:06:24","modified_gmt":"2022-04-17T14:06:24","slug":"about","status":"publish","type":"page","link":"https:\/\/elfakijoe.com\/fr\/about","title":{"rendered":"\u00c0 propos d'El Fakijoe"},"content":{"rendered":"<div class=\"wp-block-group alignfull\"><div class=\"wp-block-group__inner-container is-layout-flow wp-block-group-is-layout-flow\">\n<div class=\"wp-block-columns alignwide is-layout-flex wp-container-core-columns-is-layout-9d6595d7 wp-block-columns-is-layout-flex\">\n<div class=\"wp-block-column is-layout-flow wp-block-column-is-layout-flow\">\n<h4 class=\"wp-block-heading\">Introduction<\/h4>\n\n\n\n<p>J'ai commenc\u00e9 \u00e0 rouler en pignon fixe \u00e0 Bordeaux pendant 2 ans o\u00f9 j'ai eu la chance de construire et de monter mes propres conversions (principalement \u00e0 partir de vieux cadres Peugeot) de mani\u00e8re exp\u00e9rimentale ?<\/p>\n<\/div>\n<\/div>\n<\/div><\/div>\n\n\n\n<div class=\"wp-block-media-text alignwide is-stacked-on-mobile is-vertically-aligned-top\" style=\"grid-template-columns:25% auto\"><figure class=\"wp-block-media-text__media\"><img loading=\"lazy\" decoding=\"async\" width=\"769\" height=\"1024\" src=\"https:\/\/elfakijoe.com\/wp-content\/uploads\/2021\/06\/IMG_1042-edited-2-769x1024.jpg\" alt=\"\" class=\"wp-image-130 size-full\" srcset=\"https:\/\/elfakijoe.com\/wp-content\/uploads\/2021\/06\/IMG_1042-edited-2-769x1024.jpg 769w, https:\/\/elfakijoe.com\/wp-content\/uploads\/2021\/06\/IMG_1042-edited-2-225x300.jpg 225w, https:\/\/elfakijoe.com\/wp-content\/uploads\/2021\/06\/IMG_1042-edited-2-768x1023.jpg 768w, https:\/\/elfakijoe.com\/wp-content\/uploads\/2021\/06\/IMG_1042-edited-2-1153x1536.jpg 1153w, https:\/\/elfakijoe.com\/wp-content\/uploads\/2021\/06\/IMG_1042-edited-2-1200x1599.jpg 1200w, https:\/\/elfakijoe.com\/wp-content\/uploads\/2021\/06\/IMG_1042-edited-2.jpg 1364w\" sizes=\"auto, (max-width: 769px) 100vw, 769px\" \/><\/figure><div class=\"wp-block-media-text__content\">\n<p>J'ai ensuite d\u00e9m\u00e9nag\u00e9 \u00e0 Nice pour mes \u00e9tudes et j'ai continu\u00e9 \u00e0 rouler avec ce vieux Peugeot, mais je pensais de plus en plus \u00e0 me monter un build plus d\u00e9cent pour rouler au quotidien (je ne connaissais rien au freestyle \u00e0 ce moment). \u00c0 l'\u00e9poque, je savais skidder et faire du trackstand, tout comme la plupart des riders \u00e0 pignon fixe.<br>Un jour, j&#039;ai rencontr\u00e9 <a href=\"http:\/\/instagram.com\/etnn_bmx\">@etnn_bmx<\/a> (rider BMX flat) et <a href=\"http:\/\/instagram.com\/benjamin.messlife\">@benjamin.messlife<\/a> (qui roulait en skate avant) sur la Promenade des Anglais, et c'est ici qu'a commenc\u00e9 mon int\u00e9r\u00eat pour la pratique du freestyle en fixie.<br>M\u00eame si personne d'autre ne faisait de tricks en fixie \u00e0 Nice, je me suis d'autant plus mis \u00e0 fond sur l'apprentissage des premi\u00e8res figures, et je n'avais d'ailleurs pas le temps de m'ennuyer car je roulais avec des amis. M\u00eame si la plupart roulait en skate, leur compagnie \u00e9tait vraiment importante pour s'encourager r\u00e9ciproquement et on pouvait bien entendu \u00e9changer des conseils autours de nos disciplines respectives.<\/p>\n<\/div><\/div>\n\n\n\n<div class=\"wp-block-columns alignwide is-layout-flex wp-container-core-columns-is-layout-9d6595d7 wp-block-columns-is-layout-flex\">\n<div class=\"wp-block-column is-layout-flow wp-block-column-is-layout-flow\" style=\"flex-basis:50%\">\n<p>Tout d'abord, le premier trick que j'ai vu sur Instagram \u00e9tait le fish'n'chips, que j'ai essay\u00e9 pendant quelques jours avant de pouvoir enfin d\u00e9bloquer ce tricks.<\/p>\n\n\n\n<p>L'envoyer avec un guidon bullhorn \u00e9tait peut-\u00eatre plus difficile que de l'apprendre avec un cintre flat mais je m'en fichais vraiment : je voulais \u00e0 tout prix d\u00e9bloquer ce tricks ! Le Peugeot \u00e9tait un vieux cadre de route vintage pas du tout con\u00e7u pour une pratique abusive et encore moins en freestyle ?. J'ai finalement pli\u00e9 la fourche en essayant de faire un nose contre un mur...<\/p>\n\n\n\n<p>Il \u00e9tait donc grand temps de me monter un  build d\u00e9cent adapt\u00e9 aux tricks, apr\u00e8s tout le temps et toute la volont\u00e9 que je consacrais au fixed gear freestyle !<\/p>\n<\/div>\n\n\n\n<div class=\"wp-block-column is-layout-flow wp-block-column-is-layout-flow\" style=\"flex-basis:50%\">\n<div class=\"wp-block-cover is-light has-custom-content-position is-position-bottom-center\" style=\"min-height:337px;aspect-ratio:unset;\"><span aria-hidden=\"true\" class=\"wp-block-cover__gradient-background has-background-dim\"><\/span><video class=\"wp-block-cover__video-background intrinsic-ignore\" autoplay muted loop playsinline src=\"https:\/\/elfakijoe.com\/wp-content\/uploads\/2021\/06\/55510dac79ba4fccb253112721b87c68.mov\" style=\"object-position:55% 40%\" data-object-fit=\"cover\" data-object-position=\"55% 40%\"><\/video><div class=\"wp-block-cover__inner-container is-layout-flow wp-block-cover-is-layout-flow\">\n<p class=\"has-text-align-left bottom has-white-color has-text-color\" style=\"font-size:24px\">Images d'archive de mon tout premier fish'n'chips sketchy et petit skid<\/p>\n<\/div><\/div>\n<\/div>\n<\/div>\n\n\n\n<div class=\"wp-block-columns alignwide is-layout-flex wp-container-core-columns-is-layout-9d6595d7 wp-block-columns-is-layout-flex\">\n<div class=\"wp-block-column is-layout-flow wp-block-column-is-layout-flow\" style=\"flex-basis:50%\">\n<div class=\"wp-block-group\"><div class=\"wp-block-group__inner-container is-layout-flow wp-block-group-is-layout-flow\">\n<h4 class=\"wp-block-heading\">\u00c9volution<\/h4>\n\n\n\n<p>Une fois que j'ai r\u00e9ussi \u00e0 fish'n'chips, je me suis dit qu'il fallait continuer dans cette dynamique. En parall\u00e8le, je travaillais mon fakie car je voulais vraiment d\u00e9bloquer le keospin. J'ai ainsi mont\u00e9 mon v\u00e9lo actuel qui m'a vraiment fait entrer dans la sc\u00e8ne des tricks, qui est bas\u00e9 sur un Leader 722 Heritage Edition, et <a href=\"https:\/\/elfakijoe.com\/fr\/bike-checks\/el-fakijoes-leader-722-heritage-edition-bike-check\/\">voici son bike check<\/a>. Construire un tel pignon fixe \u00e9tait vraiment n\u00e9cessaire pour les futurs tricks \u00e0 venir.<\/p>\n\n\n\n<p>\u00c0 ce moment-l\u00e0, <a href=\"http:\/\/instagram.com\/etnn_bmx\">@etnn_bmx<\/a> rentrait snake-spin en BMX et j'ai \u00e9t\u00e9 compl\u00e8tement \u00e9tonn\u00e9 par tous ses tricks en rotation. C'\u00e9tait tellement inspirant, avec tout le contenu que je regardais sur instagram (des piliers de la sc\u00e8ne \u00e0 San Francisco comme <a href=\"http:\/\/instagram.com\/guillermogalindo_\">@guillermogalindo_<\/a>), que d\u00e9bloquer le keospin est devenu une \u00e9vidence.<\/p>\n<\/div><\/div>\n<\/div>\n\n\n\n<div class=\"wp-block-column is-layout-flow wp-block-column-is-layout-flow\" style=\"flex-basis:50%\">\n<div class=\"wp-block-cover alignfull is-light has-custom-content-position is-position-center-left\" style=\"min-height:620px;aspect-ratio:unset;\"><span aria-hidden=\"true\" class=\"wp-block-cover__gradient-background has-background-dim\" style=\"background-color:#ffffff\"><\/span><img loading=\"lazy\" decoding=\"async\" width=\"2560\" height=\"1707\" class=\"wp-block-cover__image-background wp-image-72\" alt=\"\" src=\"https:\/\/elfakijoe.com\/wp-content\/uploads\/2021\/06\/DSC04860-scaled.jpg\" data-object-fit=\"cover\" srcset=\"https:\/\/elfakijoe.com\/wp-content\/uploads\/2021\/06\/DSC04860-scaled.jpg 2560w, https:\/\/elfakijoe.com\/wp-content\/uploads\/2021\/06\/DSC04860-300x200.jpg 300w, https:\/\/elfakijoe.com\/wp-content\/uploads\/2021\/06\/DSC04860-1024x683.jpg 1024w, https:\/\/elfakijoe.com\/wp-content\/uploads\/2021\/06\/DSC04860-768x512.jpg 768w, https:\/\/elfakijoe.com\/wp-content\/uploads\/2021\/06\/DSC04860-1536x1024.jpg 1536w, https:\/\/elfakijoe.com\/wp-content\/uploads\/2021\/06\/DSC04860-2048x1365.jpg 2048w, https:\/\/elfakijoe.com\/wp-content\/uploads\/2021\/06\/DSC04860-1200x800.jpg 1200w, https:\/\/elfakijoe.com\/wp-content\/uploads\/2021\/06\/DSC04860-1980x1320.jpg 1980w\" sizes=\"auto, (max-width: 2560px) 100vw, 2560px\" \/><div class=\"wp-block-cover__inner-container is-layout-flow wp-block-cover-is-layout-flow\">\n<figure class=\"wp-block-image size-large is-style-default\"><img loading=\"lazy\" decoding=\"async\" width=\"1024\" height=\"683\" src=\"https:\/\/elfakijoe.com\/wp-content\/uploads\/2021\/04\/DSC04886-1024x683.jpg\" alt=\"Leader 722 \u00c9dition H\u00e9ritage\" class=\"wp-image-44\" srcset=\"https:\/\/elfakijoe.com\/wp-content\/uploads\/2021\/04\/DSC04886-1024x683.jpg 1024w, https:\/\/elfakijoe.com\/wp-content\/uploads\/2021\/04\/DSC04886-300x200.jpg 300w, https:\/\/elfakijoe.com\/wp-content\/uploads\/2021\/04\/DSC04886-768x512.jpg 768w, https:\/\/elfakijoe.com\/wp-content\/uploads\/2021\/04\/DSC04886-1536x1024.jpg 1536w, https:\/\/elfakijoe.com\/wp-content\/uploads\/2021\/04\/DSC04886-2048x1365.jpg 2048w, https:\/\/elfakijoe.com\/wp-content\/uploads\/2021\/04\/DSC04886-1200x800.jpg 1200w, https:\/\/elfakijoe.com\/wp-content\/uploads\/2021\/04\/DSC04886-1980x1320.jpg 1980w\" sizes=\"auto, (max-width: 1024px) 100vw, 1024px\" \/><\/figure>\n<\/div><\/div>\n<\/div>\n<\/div>","protected":false},"excerpt":{"rendered":"<p>I then moved to Nice for my studies and continued riding with that old Peugeot, but I was thinking about building a more decent build for daily riding (I didn&#8217;t know anything about freestyle). At that time, I knew how to skid and trackstand, just like most of the few fixed gear riders there.One day, [&hellip;]<\/p>","protected":false},"author":1,"featured_media":116,"parent":0,"menu_order":0,"comment_status":"closed","ping_status":"closed","template":"","meta":{"footnotes":""},"class_list":["post-9","page","type-page","status-publish","has-post-thumbnail","hentry"],"jetpack-related-posts":[{"id":8,"url":"https:\/\/elfakijoe.com\/fr\/","url_meta":{"origin":9,"position":0},"title":"A fixed gear experience","author":"el_fakijoe","date":"30 avril 2021","format":false,"excerpt":"Trick Tutorials Learn all the basic fixed gear tricks and more advanced ones! LEARN Bike Checks All the bikes united. We provide all the references to help you build yours! GO To List Photos All photos of my fixed gear experience, riding, meeting, tricking... GALLERY Get to know fixed gear\u2026","rel":"","context":"Article similaire","block_context":{"text":"Article similaire","link":""},"img":{"alt_text":"","src":"https:\/\/i0.wp.com\/elfakijoe.com\/wp-content\/uploads\/2021\/06\/DSC00369-e1652028599907.jpg?resize=350%2C200&quality=90&ssl=1","width":350,"height":200,"srcset":"https:\/\/i0.wp.com\/elfakijoe.com\/wp-content\/uploads\/2021\/06\/DSC00369-e1652028599907.jpg?resize=350%2C200&quality=90&ssl=1 1x, https:\/\/i0.wp.com\/elfakijoe.com\/wp-content\/uploads\/2021\/06\/DSC00369-e1652028599907.jpg?resize=525%2C300&quality=90&ssl=1 1.5x, https:\/\/i0.wp.com\/elfakijoe.com\/wp-content\/uploads\/2021\/06\/DSC00369-e1652028599907.jpg?resize=700%2C400&quality=90&ssl=1 2x"},"classes":[]}],"_links":{"self":[{"href":"https:\/\/elfakijoe.com\/fr\/wp-json\/wp\/v2\/pages\/9","targetHints":{"allow":["GET"]}}],"collection":[{"href":"https:\/\/elfakijoe.com\/fr\/wp-json\/wp\/v2\/pages"}],"about":[{"href":"https:\/\/elfakijoe.com\/fr\/wp-json\/wp\/v2\/types\/page"}],"author":[{"embeddable":true,"href":"https:\/\/elfakijoe.com\/fr\/wp-json\/wp\/v2\/users\/1"}],"replies":[{"embeddable":true,"href":"https:\/\/elfakijoe.com\/fr\/wp-json\/wp\/v2\/comments?post=9"}],"version-history":[{"count":2,"href":"https:\/\/elfakijoe.com\/fr\/wp-json\/wp\/v2\/pages\/9\/revisions"}],"predecessor-version":[{"id":1476,"href":"https:\/\/elfakijoe.com\/fr\/wp-json\/wp\/v2\/pages\/9\/revisions\/1476"}],"wp:featuredmedia":[{"embeddable":true,"href":"https:\/\/elfakijoe.com\/fr\/wp-json\/wp\/v2\/media\/116"}],"wp:attachment":[{"href":"https:\/\/elfakijoe.com\/fr\/wp-json\/wp\/v2\/media?parent=9"}],"curies":[{"name":"wp","href":"https:\/\/api.w.org\/{rel}","templated":true}]}}